{"id":52,"date":"2022-07-07T00:27:40","date_gmt":"2022-07-06T22:27:40","guid":{"rendered":"https:\/\/wp-clean.rd4u.info\/?page_id=52"},"modified":"2023-01-13T10:38:21","modified_gmt":"2023-01-13T09:38:21","slug":"mentions-legales","status":"publish","type":"page","link":"https:\/\/roysfeir.fr\/en\/mentions-legales\/","title":{"rendered":"Legal Notices"},"content":{"rendered":"<h2 class=\"wp-block-heading\">Le site\u00a0<a href=\"http:\/\/www.xxx\/\" target=\"_blank\" rel=\"noopener noreferrer nofollow\"><\/a><a href=\"https:\/\/roysfeir.fr\/en\/\" target=\"_blank\" rel=\"noopener noreferrer nofollow\">www.roysfeir.fr<\/a>\u00a0est \u00e9dit\u00e9 par :<\/h2>\n\n\n\n<p><strong>Roy SFEIR<\/strong>, France<\/p>\n\n\n\n<p><strong>Publisher:<\/strong>\u00a0Claudia SFEIR<\/p>\n\n\n\n<p><strong>Date de Cr\u00e9ation :<\/strong>\u00a013\/01\/2023<\/p>\n\n\n\n<p><strong>T\u00e9l\u00e9phone :<\/strong>\u00a001 42 86 86 19<\/p>\n\n\n\n<p><strong>H\u00e9bergement :<\/strong>\u00a0Ce site Internet est h\u00e9berg\u00e9 par la soci\u00e9t\u00e9\u00a0<strong><a href=\"https:\/\/www.o2switch.fr\/\" target=\"_blank\" rel=\"noopener noreferrer nofollow\">o2switch<\/a><\/strong>, 222-224 Boulevard Gustave Flaubert 63000 Clermont-Ferrand, Capital de 100 000 euros, Siret : 510 909 80700024.<\/p>\n\n\n\n<p><strong>Conditions d&rsquo;utilisation du site Internet\u00a0<a href=\"http:\/\/www.xxx\/\" target=\"_blank\" rel=\"noopener noreferrer nofollow\"><\/a><a href=\"https:\/\/roysfeir.fr\/en\/\" target=\"_blank\" rel=\"noopener noreferrer nofollow\">www.roysfeir.fr<\/a><\/strong><\/p>\n\n\n\n<p>Le site et chacun des \u00e9l\u00e9ments, les logos, ic\u00f4nes, infographies, photographies, qui le composent sont prot\u00e9g\u00e9s au titre de la l\u00e9gislation internationale de la propri\u00e9t\u00e9 intellectuelle. Toute utilisation, reproduction ou repr\u00e9sentation, n&rsquo;est pas autoris\u00e9e sans l&rsquo;accord\u00a0de Roy SFEIR.<\/p>","protected":false},"excerpt":{"rendered":"<p>Le site\u00a0www.roysfeir.fr\u00a0est \u00e9dit\u00e9 par : Roy SFEIR, France Responsable de Publication :\u00a0Claudia SFEIR Date de Cr\u00e9ation :\u00a013\/01\/2023 T\u00e9l\u00e9phone :\u00a001 42 86 86 19 H\u00e9bergement :\u00a0Ce site Internet est h\u00e9berg\u00e9 par la soci\u00e9t\u00e9\u00a0o2switch, 222-224 Boulevard Gustave Flaubert 63000 Clermont-Ferrand, Capital de 100 000 euros, Siret : 510 909 80700024. Conditions d&rsquo;utilisation du site Internet\u00a0www.roysfeir.fr Le site [&hellip;]<\/p>\n","protected":false},"author":2,"featured_media":0,"parent":0,"menu_order":0,"comment_status":"closed","ping_status":"closed","template":"","meta":{"site-sidebar-layout":"default","site-content-layout":"","ast-site-content-layout":"default","site-content-style":"default","site-sidebar-style":"default","ast-global-header-display":"","ast-banner-title-visibility":"","ast-main-header-display":"","ast-hfb-above-header-display":"","ast-hfb-below-header-display":"","ast-hfb-mobile-header-display":"","site-post-title":"","ast-breadcrumbs-content":"","ast-featured-img":"","footer-sml-layout":"","ast-disable-related-posts":"","theme-transparent-header-meta":"","adv-header-id-meta":"","stick-header-meta":"","header-above-stick-meta":"","header-main-stick-meta":"","header-below-stick-meta":"","astra-migrate-meta-layouts":"default","ast-page-background-enabled":"default","ast-page-background-meta":{"desktop":{"background-color":"","background-image":"","background-repeat":"repeat","background-position":"center center","background-size":"auto","background-attachment":"scroll","background-type":"","background-media":"","overlay-type":"","overlay-color":"","overlay-opacity":"","overlay-gradient":""},"tablet":{"background-color":"","background-image":"","background-repeat":"repeat","background-position":"center center","background-size":"auto","background-attachment":"scroll","background-type":"","background-media":"","overlay-type":"","overlay-color":"","overlay-opacity":"","overlay-gradient":""},"mobile":{"background-color":"","background-image":"","background-repeat":"repeat","background-position":"center center","background-size":"auto","background-attachment":"scroll","background-type":"","background-media":"","overlay-type":"","overlay-color":"","overlay-opacity":"","overlay-gradient":""}},"ast-content-background-meta":{"desktop":{"background-color":"var(--ast-global-color-5)","background-image":"","background-repeat":"repeat","background-position":"center center","background-size":"auto","background-attachment":"scroll","background-type":"","background-media":"","overlay-type":"","overlay-color":"","overlay-opacity":"","overlay-gradient":""},"tablet":{"background-color":"var(--ast-global-color-5)","background-image":"","background-repeat":"repeat","background-position":"center center","background-size":"auto","background-attachment":"scroll","background-type":"","background-media":"","overlay-type":"","overlay-color":"","overlay-opacity":"","overlay-gradient":""},"mobile":{"background-color":"var(--ast-global-color-5)","background-image":"","background-repeat":"repeat","background-position":"center center","background-size":"auto","background-attachment":"scroll","background-type":"","background-media":"","overlay-type":"","overlay-color":"","overlay-opacity":"","overlay-gradient":""}},"slim_seo":{"noindex":"1","title":"Mentions L\u00e9gales - Roy Sfeir","description":"Le site\u00a0 www.roysfeir.fr \u00a0est \u00e9dit\u00e9 par : Roy SFEIR , France Responsable de Publication : \u00a0Claudia SFEIR Date de Cr\u00e9ation : \u00a013\/01\/2023 T\u00e9l\u00e9phone : \u00a001 42 86 86"},"iawp_total_views":2,"footnotes":""},"class_list":["post-52","page","type-page","status-publish","hentry"],"_links":{"self":[{"href":"https:\/\/roysfeir.fr\/en\/wp-json\/wp\/v2\/pages\/52","targetHints":{"allow":["GET"]}}],"collection":[{"href":"https:\/\/roysfeir.fr\/en\/wp-json\/wp\/v2\/pages"}],"about":[{"href":"https:\/\/roysfeir.fr\/en\/wp-json\/wp\/v2\/types\/page"}],"author":[{"embeddable":true,"href":"https:\/\/roysfeir.fr\/en\/wp-json\/wp\/v2\/users\/2"}],"replies":[{"embeddable":true,"href":"https:\/\/roysfeir.fr\/en\/wp-json\/wp\/v2\/comments?post=52"}],"version-history":[{"count":6,"href":"https:\/\/roysfeir.fr\/en\/wp-json\/wp\/v2\/pages\/52\/revisions"}],"predecessor-version":[{"id":5828,"href":"https:\/\/roysfeir.fr\/en\/wp-json\/wp\/v2\/pages\/52\/revisions\/5828"}],"wp:attachment":[{"href":"https:\/\/roysfeir.fr\/en\/wp-json\/wp\/v2\/media?parent=52"}],"curies":[{"name":"wp","href":"https:\/\/api.w.org\/{rel}","templated":true}]}}