{"id":1495,"date":"2022-09-30T18:18:15","date_gmt":"2022-09-30T16:18:15","guid":{"rendered":"https:\/\/roysfeir.rd4u.dev\/?page_id=1495"},"modified":"2024-01-15T10:38:41","modified_gmt":"2024-01-15T09:38:41","slug":"contact","status":"publish","type":"page","link":"https:\/\/roysfeir.fr\/en\/contact\/","title":{"rendered":"Contact"},"content":{"rendered":"\t\t<div data-elementor-type=\"wp-page\" data-elementor-id=\"1495\" class=\"elementor elementor-1495\" data-elementor-post-type=\"page\">\n\t\t\t\t\t\t<section class=\"elementor-section elementor-top-section elementor-element elementor-element-6a34bae8 elementor-section-boxed elementor-section-height-default elementor-section-height-default\" data-id=\"6a34bae8\" data-element_type=\"section\" data-e-type=\"section\">\n\t\t\t\t\t\t<div class=\"elementor-container elementor-column-gap-no\">\n\t\t\t\t\t<div class=\"elementor-column elementor-col-100 elementor-top-column elementor-element elementor-element-4cccaeda\" data-id=\"4cccaeda\" data-element_type=\"column\" data-e-type=\"column\">\n\t\t\t<div class=\"elementor-widget-wrap elementor-element-populated\">\n\t\t\t\t\t\t<div class=\"elementor-element elementor-element-547e1640 elementor-widget elementor-widget-heading\" data-id=\"547e1640\" data-element_type=\"widget\" data-e-type=\"widget\" data-widget_type=\"heading.default\">\n\t\t\t\t<div class=\"elementor-widget-container\">\n\t\t\t\t\t<h1 class=\"elementor-heading-title elementor-size-default\">Contact<\/h1>\t\t\t\t<\/div>\n\t\t\t\t<\/div>\n\t\t\t\t<div class=\"elementor-element elementor-element-124dbce elementor-widget__width-initial elementor-widget elementor-widget-heading\" data-id=\"124dbce\" data-element_type=\"widget\" data-e-type=\"widget\" data-widget_type=\"heading.default\">\n\t\t\t\t<div class=\"elementor-widget-container\">\n\t\t\t\t\t<h3 class=\"elementor-heading-title elementor-size-default\">N'h\u00e9sitez pas \u00e0 me contacter si vous avez\u00a0des questions sur mon travail :<\/h3>\t\t\t\t<\/div>\n\t\t\t\t<\/div>\n\t\t\t\t<div class=\"elementor-element elementor-element-2509911b elementor-widget-divider--view-line elementor-widget elementor-widget-divider\" data-id=\"2509911b\" data-element_type=\"widget\" data-e-type=\"widget\" data-widget_type=\"divider.default\">\n\t\t\t\t<div class=\"elementor-widget-container\">\n\t\t\t\t\t\t\t<div class=\"elementor-divider\">\n\t\t\t<span class=\"elementor-divider-separator\">\n\t\t\t\t\t\t<\/span>\n\t\t<\/div>\n\t\t\t\t\t\t<\/div>\n\t\t\t\t<\/div>\n\t\t\t\t\t<\/div>\n\t\t<\/div>\n\t\t\t\t\t<\/div>\n\t\t<\/section>\n\t\t\t\t<section class=\"elementor-section elementor-top-section elementor-element elementor-element-bdf6e5a elementor-section-boxed elementor-section-height-default elementor-section-height-default\" data-id=\"bdf6e5a\" data-element_type=\"section\" data-e-type=\"section\">\n\t\t\t\t\t\t\t<div class=\"elementor-background-overlay\"><\/div>\n\t\t\t\t\t\t\t<div class=\"elementor-container elementor-column-gap-no\">\n\t\t\t\t\t<div class=\"elementor-column elementor-col-50 elementor-top-column elementor-element elementor-element-f236620\" data-id=\"f236620\" data-element_type=\"column\" data-e-type=\"column\">\n\t\t\t<div class=\"elementor-widget-wrap elementor-element-populated\">\n\t\t\t\t\t\t<div class=\"elementor-element elementor-element-496d383 elementor-invisible elementor-widget elementor-widget-image\" data-id=\"496d383\" data-element_type=\"widget\" data-e-type=\"widget\" data-settings=\"{&quot;_animation&quot;:&quot;zoomIn&quot;}\" data-widget_type=\"image.default\">\n\t\t\t\t<div class=\"elementor-widget-container\">\n\t\t\t\t\t\t\t\t\t\t\t\t\t\t\t<img fetchpriority=\"high\" decoding=\"async\" width=\"768\" height=\"776\" src=\"https:\/\/roysfeir.fr\/wp-content\/uploads\/Impressions-nocturnes-2022_acrylique-toile_100-100-cm-768x776.jpg\" class=\"attachment-medium_large size-medium_large wp-image-4177\" alt=\"Peinture abstraite carr\u00e9e de Roy Sfeir, Impressions nocturnes, acrylique sur toile, 100 x 100 cm, couleurs fluides, belles impressions aquatiques.\" srcset=\"https:\/\/roysfeir.fr\/wp-content\/uploads\/Impressions-nocturnes-2022_acrylique-toile_100-100-cm-768x776.jpg 768w, https:\/\/roysfeir.fr\/wp-content\/uploads\/Impressions-nocturnes-2022_acrylique-toile_100-100-cm-297x300.jpg 297w, https:\/\/roysfeir.fr\/wp-content\/uploads\/Impressions-nocturnes-2022_acrylique-toile_100-100-cm-1014x1024.jpg 1014w, https:\/\/roysfeir.fr\/wp-content\/uploads\/Impressions-nocturnes-2022_acrylique-toile_100-100-cm-12x12.jpg 12w, https:\/\/roysfeir.fr\/wp-content\/uploads\/Impressions-nocturnes-2022_acrylique-toile_100-100-cm.jpg 1267w\" sizes=\"(max-width: 768px) 100vw, 768px\" \/>\t\t\t\t\t\t\t\t\t\t\t\t\t\t\t<\/div>\n\t\t\t\t<\/div>\n\t\t\t\t\t<\/div>\n\t\t<\/div>\n\t\t\t\t<div class=\"elementor-column elementor-col-50 elementor-top-column elementor-element elementor-element-4a80cba\" data-id=\"4a80cba\" data-element_type=\"column\" data-e-type=\"column\">\n\t\t\t<div class=\"elementor-widget-wrap elementor-element-populated\">\n\t\t\t\t\t\t<div class=\"elementor-element elementor-element-8f50179 elementor-widget elementor-widget-wpforms\" data-id=\"8f50179\" data-element_type=\"widget\" data-e-type=\"widget\" data-widget_type=\"wpforms.default\">\n\t\t\t\t<div class=\"elementor-widget-container\">\n\t\t\t\t\t<div class=\"wpforms-container \" id=\"wpforms-75\"><form id=\"wpforms-form-75\" class=\"wpforms-validate wpforms-form\" data-formid=\"75\" method=\"post\" enctype=\"multipart\/form-data\" action=\"\/en\/wp-json\/wp\/v2\/pages\/1495\" data-token=\"4819cdf420c96c8252267274f112c0fd\" data-token-time=\"1778681495\"><noscript class=\"wpforms-error-noscript\">Please enable JavaScript in your browser to complete this form.<\/noscript><div class=\"wpforms-field-container\"><div id=\"wpforms-75-field_4-container\" class=\"wpforms-field wpforms-field-name\" data-field-id=\"4\"><label class=\"wpforms-field-label\" for=\"wpforms-75-field_4\">Nom &amp; Pr\u00e9nom <span class=\"wpforms-required-label\">*<\/span><\/label><div class=\"wpforms-field-row wpforms-field-large\"><div class=\"wpforms-field-row-block wpforms-first wpforms-one-half\"><input type=\"text\" id=\"wpforms-75-field_4\" class=\"wpforms-field-name-first wpforms-field-required\" name=\"wpforms[fields][4][first]\" required><label for=\"wpforms-75-field_4\" class=\"wpforms-field-sublabel after wpforms-sublabel-hide\">First<\/label><\/div><div class=\"wpforms-field-row-block wpforms-one-half\"><input type=\"text\" id=\"wpforms-75-field_4-last\" class=\"wpforms-field-name-last wpforms-field-required\" name=\"wpforms[fields][4][last]\" required><label for=\"wpforms-75-field_4-last\" class=\"wpforms-field-sublabel after wpforms-sublabel-hide\">Last<\/label><\/div><\/div><\/div><div id=\"wpforms-75-field_1-container\" class=\"wpforms-field wpforms-field-email\" data-field-id=\"1\"><label class=\"wpforms-field-label\" for=\"wpforms-75-field_1\">Email <span class=\"wpforms-required-label\">*<\/span><\/label><input type=\"email\" id=\"wpforms-75-field_1\" class=\"wpforms-field-large wpforms-field-required\" name=\"wpforms[fields][1]\" spellcheck=\"false\" required><\/div><div id=\"wpforms-75-field_2-container\" class=\"wpforms-field wpforms-field-textarea\" data-field-id=\"2\"><label class=\"wpforms-field-label\" for=\"wpforms-75-field_2\">Message <span class=\"wpforms-required-label\">*<\/span><\/label><textarea id=\"wpforms-75-field_2\" class=\"wpforms-field-large wpforms-field-required\" name=\"wpforms[fields][2]\" required><\/textarea><\/div><\/div><!-- .wpforms-field-container --><div class=\"wpforms-submit-container\" ><input type=\"hidden\" name=\"wpforms[id]\" value=\"75\"><input type=\"hidden\" name=\"page_title\" value=\"\"><input type=\"hidden\" name=\"page_url\" value=\"https:\/\/roysfeir.fr\/en\/wp-json\/wp\/v2\/pages\/1495\"><input type=\"hidden\" name=\"url_referer\" value=\"\"><button type=\"submit\" name=\"wpforms[submit]\" id=\"wpforms-submit-75\" class=\"wpforms-submit\" data-alt-text=\"En cours d&#039;envoi ...\" data-submit-text=\"Envoyer\" aria-live=\"assertive\" value=\"wpforms-submit\">Envoyer<\/button><\/div><\/form><\/div>  <!-- .wpforms-container -->\t\t\t\t<\/div>\n\t\t\t\t<\/div>\n\t\t\t\t\t<\/div>\n\t\t<\/div>\n\t\t\t\t\t<\/div>\n\t\t<\/section>\n\t\t\t\t<section class=\"elementor-section elementor-top-section elementor-element elementor-element-d9037f0 elementor-section-boxed elementor-section-height-default elementor-section-height-default\" data-id=\"d9037f0\" data-element_type=\"section\" data-e-type=\"section\" data-settings=\"{&quot;background_background&quot;:&quot;classic&quot;}\">\n\t\t\t\t\t\t<div class=\"elementor-container elementor-column-gap-default\">\n\t\t\t\t\t<div class=\"elementor-column elementor-col-100 elementor-top-column elementor-element elementor-element-7e4713c\" data-id=\"7e4713c\" data-element_type=\"column\" data-e-type=\"column\">\n\t\t\t<div class=\"elementor-widget-wrap elementor-element-populated\">\n\t\t\t\t\t\t<div class=\"elementor-element elementor-element-dc07b6f elementor-widget elementor-widget-heading\" data-id=\"dc07b6f\" data-element_type=\"widget\" data-e-type=\"widget\" data-widget_type=\"heading.default\">\n\t\t\t\t<div class=\"elementor-widget-container\">\n\t\t\t\t\t<h5 class=\"elementor-heading-title elementor-size-default\">Roy G  Sfeir<\/h5>\t\t\t\t<\/div>\n\t\t\t\t<\/div>\n\t\t\t\t<div class=\"elementor-element elementor-element-b7d3947 elementor-align-start elementor-mobile-align-start elementor-widget__width-auto elementor-list-item-link-full_width elementor-widget elementor-widget-icon-list\" data-id=\"b7d3947\" data-element_type=\"widget\" data-e-type=\"widget\" data-widget_type=\"icon-list.default\">\n\t\t\t\t<div class=\"elementor-widget-container\">\n\t\t\t\t\t\t\t<ul class=\"elementor-icon-list-items\">\n\t\t\t\t\t\t\t<li class=\"elementor-icon-list-item\">\n\t\t\t\t\t\t\t\t\t\t\t<a href=\"mailto:contact@roysfeir.fr\">\n\n\t\t\t\t\t\t\t\t\t\t\t\t<span class=\"elementor-icon-list-icon\">\n\t\t\t\t\t\t\t<svg xmlns=\"http:\/\/www.w3.org\/2000\/svg\" viewBox=\"0 0 48 48\" width=\"48px\" height=\"48px\"><linearGradient id=\"NvW_RwTAona1rlOp72mkqa\" x1=\"24\" x2=\"24\" y1=\"42\" y2=\"6.207\" gradientUnits=\"userSpaceOnUse\"><stop offset=\"0\" stop-color=\"#1ac8fc\"><\/stop><stop offset=\".258\" stop-color=\"#1bb6fa\"><\/stop><stop offset=\".775\" stop-color=\"#1c86f5\"><\/stop><stop offset=\"1\" stop-color=\"#1d70f2\"><\/stop><\/linearGradient><path fill=\"url(#NvW_RwTAona1rlOp72mkqa)\" d=\"M34,42H14c-4.411,0-8-3.589-8-8V14c0-4.411,3.589-8,8-8h20c4.411,0,8,3.589,8,8v20 C42,38.411,38.411,42,34,42z\"><\/path><path d=\"M34,16c0.178,0,0.347,0.031,0.512,0.074l-7.824,7.825C25.946,24.64,24.973,25.01,24,25.01 s-1.946-0.37-2.688-1.111l-7.824-7.825C13.653,16.031,13.822,16,14,16H34 M35.926,17.488C35.969,17.653,36,17.822,36,18v12 c0,0.178-0.031,0.347-0.074,0.512L29.414,24L35.926,17.488 M12.074,17.488L18.586,24l-6.511,6.511C12.031,30.347,12,30.178,12,30 V18C12,17.822,12.031,17.653,12.074,17.488 M27.99,25.404l6.522,6.522C34.347,31.969,34.178,32,34,32H14 c-0.178,0-0.347-0.031-0.512-0.074l6.522-6.522c1.117,1.063,2.55,1.605,3.99,1.605S26.873,26.467,27.99,25.404 M34,15H14 c-0.244,0-0.495,0.035-0.768,0.108c-0.346,0.092-0.616,0.361-0.709,0.707c-0.092,0.341,0.003,0.704,0.248,0.956 c-0.189-0.183-0.44-0.283-0.697-0.283c-0.087,0-0.174,0.011-0.26,0.034c-0.345,0.093-0.615,0.363-0.707,0.709 C11.035,17.505,11,17.756,11,18v12c0,0.244,0.035,0.495,0.108,0.768c0.092,0.346,0.361,0.616,0.707,0.709 c0.086,0.023,0.173,0.034,0.26,0.034c0.257,0,0.508-0.099,0.696-0.282c-0.245,0.253-0.34,0.616-0.248,0.956 c0.093,0.345,0.363,0.615,0.709,0.707C13.505,32.965,13.756,33,14,33h20c0.244,0,0.495-0.035,0.768-0.108 c0.346-0.092,0.616-0.361,0.709-0.707c0.092-0.341-0.003-0.704-0.248-0.956c0.189,0.183,0.44,0.282,0.696,0.282 c0.087,0,0.174-0.011,0.26-0.034c0.345-0.093,0.615-0.363,0.707-0.709C36.965,30.495,37,30.244,37,30V18 c0-0.244-0.035-0.495-0.108-0.768c-0.092-0.346-0.361-0.616-0.707-0.709c-0.086-0.023-0.173-0.034-0.26-0.034 c-0.257,0-0.508,0.099-0.697,0.282c0.245-0.253,0.34-0.616,0.248-0.956c-0.093-0.345-0.363-0.615-0.709-0.707 C34.495,15.035,34.244,15,34,15L34,15z\" opacity=\".05\"><\/path><path d=\"M34,15.5H14c-0.203,0-0.406,0.029-0.64,0.091c-0.173,0.046-0.308,0.181-0.354,0.353 c-0.046,0.173,0.003,0.357,0.129,0.483l7.824,7.825C21.77,25.063,22.85,25.51,24,25.51s2.23-0.447,3.041-1.257l7.824-7.825 c0.126-0.126,0.176-0.311,0.129-0.483c-0.046-0.173-0.182-0.307-0.354-0.353C34.406,15.529,34.203,15.5,34,15.5L34,15.5z M35.926,16.988c-0.131,0-0.259,0.051-0.354,0.146l-6.511,6.512c-0.195,0.195-0.195,0.512,0,0.707l6.511,6.511 c0.095,0.095,0.223,0.146,0.354,0.146c0.043,0,0.087-0.006,0.13-0.017c0.173-0.046,0.307-0.182,0.353-0.354 C36.471,30.406,36.5,30.203,36.5,30V18c0-0.203-0.029-0.406-0.091-0.64c-0.046-0.173-0.181-0.308-0.353-0.354 C36.013,16.994,35.969,16.988,35.926,16.988L35.926,16.988z M12.074,16.988c-0.043,0-0.087,0.006-0.13,0.017 c-0.173,0.046-0.307,0.182-0.353,0.354C11.529,17.594,11.5,17.797,11.5,18v12c0,0.203,0.029,0.406,0.091,0.64 c0.046,0.173,0.181,0.308,0.353,0.354c0.043,0.012,0.087,0.017,0.13,0.017c0.131,0,0.259-0.051,0.354-0.146l6.511-6.511 c0.195-0.195,0.195-0.512,0-0.707l-6.511-6.512C12.333,17.04,12.205,16.988,12.074,16.988L12.074,16.988z M27.99,24.904 c-0.124,0-0.248,0.046-0.345,0.138c-0.995,0.946-2.289,1.467-3.645,1.467s-2.651-0.521-3.645-1.467 c-0.097-0.092-0.221-0.138-0.345-0.138c-0.128,0-0.256,0.049-0.354,0.146l-6.522,6.522c-0.126,0.126-0.176,0.311-0.129,0.483 s0.182,0.307,0.354,0.353C13.594,32.471,13.797,32.5,14,32.5h20c0.203,0,0.406-0.029,0.64-0.091 c0.173-0.046,0.308-0.181,0.354-0.353s-0.003-0.357-0.129-0.483l-6.522-6.522C28.246,24.953,28.118,24.904,27.99,24.904 L27.99,24.904z\" opacity=\".07\"><\/path><path fill=\"#f9f9f9\" d=\"M35.926,17.488L29.414,24l6.511,6.511C35.969,30.347,36,30.178,36,30V18 C36,17.822,35.969,17.653,35.926,17.488z M26.688,23.899l7.824-7.825C34.347,16.031,34.178,16,34,16H14 c-0.178,0-0.347,0.031-0.512,0.074l7.824,7.825C22.795,25.38,25.205,25.38,26.688,23.899z M12.074,17.488 C12.031,17.653,12,17.822,12,18v12c0,0.178,0.031,0.347,0.074,0.512L18.586,24L12.074,17.488z M24,27.009 c-1.44,0-2.873-0.542-3.99-1.605l-6.522,6.522C13.653,31.969,13.822,32,14,32h20c0.178,0,0.347-0.031,0.512-0.074l-6.522-6.522 C26.873,26.467,25.44,27.009,24,27.009z\"><\/path><\/svg>\t\t\t\t\t\t<\/span>\n\t\t\t\t\t\t\t\t\t\t<span class=\"elementor-icon-list-text\"><span style=\"display:inline;unicode-bidi:bidi-override;direction:rtl;\" class=\"\">rf.riefsyor<span style=\"display:none;\">obfsctd-7dc78f<\/span>&#64;tcatnoc<\/span><\/span>\n\t\t\t\t\t\t\t\t\t\t\t<\/a>\n\t\t\t\t\t\t\t\t\t<\/li>\n\t\t\t\t\t\t\t\t<li class=\"elementor-icon-list-item\">\n\t\t\t\t\t\t\t\t\t\t\t<a href=\"https:\/\/instagram.com\/roy.sfeir1\/\" target=\"_blank\" rel=\"noopener noreferrer nofollow\">\n\n\t\t\t\t\t\t\t\t\t\t\t\t<span class=\"elementor-icon-list-icon\">\n\t\t\t\t\t\t\t<svg xmlns=\"http:\/\/www.w3.org\/2000\/svg\" viewBox=\"0 0 48 48\" width=\"48px\" height=\"48px\"><radialGradient id=\"yOrnnhliCrdS2gy~4tD8ma\" cx=\"19.38\" cy=\"42.035\" r=\"44.899\" gradientUnits=\"userSpaceOnUse\"><stop offset=\"0\" stop-color=\"#fd5\"><\/stop><stop offset=\".328\" stop-color=\"#ff543f\"><\/stop><stop offset=\".348\" stop-color=\"#fc5245\"><\/stop><stop offset=\".504\" stop-color=\"#e64771\"><\/stop><stop offset=\".643\" stop-color=\"#d53e91\"><\/stop><stop offset=\".761\" stop-color=\"#cc39a4\"><\/stop><stop offset=\".841\" stop-color=\"#c837ab\"><\/stop><\/radialGradient><path fill=\"url(#yOrnnhliCrdS2gy~4tD8ma)\" d=\"M34.017,41.99l-20,0.019c-4.4,0.004-8.003-3.592-8.008-7.992l-0.019-20 c-0.004-4.4,3.592-8.003,7.992-8.008l20-0.019c4.4-0.004,8.003,3.592,8.008,7.992l0.019,20 C42.014,38.383,38.417,41.986,34.017,41.99z\"><\/path><radialGradient id=\"yOrnnhliCrdS2gy~4tD8mb\" cx=\"11.786\" cy=\"5.54\" r=\"29.813\" gradientTransform=\"matrix(1 0 0 .6663 0 1.849)\" gradientUnits=\"userSpaceOnUse\"><stop offset=\"0\" stop-color=\"#4168c9\"><\/stop><stop offset=\".999\" stop-color=\"#4168c9\" stop-opacity=\"0\"><\/stop><\/radialGradient><path fill=\"url(#yOrnnhliCrdS2gy~4tD8mb)\" d=\"M34.017,41.99l-20,0.019c-4.4,0.004-8.003-3.592-8.008-7.992l-0.019-20 c-0.004-4.4,3.592-8.003,7.992-8.008l20-0.019c4.4-0.004,8.003,3.592,8.008,7.992l0.019,20 C42.014,38.383,38.417,41.986,34.017,41.99z\"><\/path><path fill=\"#fff\" d=\"M24,31c-3.859,0-7-3.14-7-7s3.141-7,7-7s7,3.14,7,7S27.859,31,24,31z M24,19c-2.757,0-5,2.243-5,5 s2.243,5,5,5s5-2.243,5-5S26.757,19,24,19z\"><\/path><circle cx=\"31.5\" cy=\"16.5\" r=\"1.5\" fill=\"#fff\"><\/circle><path fill=\"#fff\" d=\"M30,37H18c-3.859,0-7-3.14-7-7V18c0-3.86,3.141-7,7-7h12c3.859,0,7,3.14,7,7v12 C37,33.86,33.859,37,30,37z M18,13c-2.757,0-5,2.243-5,5v12c0,2.757,2.243,5,5,5h12c2.757,0,5-2.243,5-5V18c0-2.757-2.243-5-5-5H18z\"><\/path><\/svg>\t\t\t\t\t\t<\/span>\n\t\t\t\t\t\t\t\t\t\t<span class=\"elementor-icon-list-text\">roy.sfeir1<\/span>\n\t\t\t\t\t\t\t\t\t\t\t<\/a>\n\t\t\t\t\t\t\t\t\t<\/li>\n\t\t\t\t\t\t<\/ul>\n\t\t\t\t\t\t<\/div>\n\t\t\t\t<\/div>\n\t\t\t\t\t<\/div>\n\t\t<\/div>\n\t\t\t\t\t<\/div>\n\t\t<\/section>\n\t\t\t\t<\/div>\n\t\t","protected":false},"excerpt":{"rendered":"<p>N&rsquo;h\u00e9sitez pas \u00e0 me contacter si vous avez\u00a0des questions sur mon travail : Veuillez activer JavaScript dans votre navigateur pour remplir ce formulaire.Nom &amp; Pr\u00e9nom *Pr\u00e9nomNomEmail *Message * Envoyer Roy G Sfeir roy.sfeir1<\/p>","protected":false},"author":2,"featured_media":0,"parent":0,"menu_order":0,"comment_status":"closed","ping_status":"closed","template":"","meta":{"site-sidebar-layout":"no-sidebar","site-content-layout":"page-builder","ast-site-content-layout":"default","site-content-style":"default","site-sidebar-style":"default","ast-global-header-display":"","ast-banner-title-visibility":"","ast-main-header-display":"","ast-hfb-above-header-display":"","ast-hfb-below-header-display":"","ast-hfb-mobile-header-display":"","site-post-title":"disabled","ast-breadcrumbs-content":"disabled","ast-featured-img":"disabled","footer-sml-layout":"","ast-disable-related-posts":"","theme-transparent-header-meta":"default","adv-header-id-meta":"","stick-header-meta":"","header-above-stick-meta":"","header-main-stick-meta":"","header-below-stick-meta":"","astra-migrate-meta-layouts":"default","ast-page-background-enabled":"default","ast-page-background-meta":{"desktop":{"background-color":"","background-image":"","background-repeat":"repeat","background-position":"center center","background-size":"auto","background-attachment":"scroll","background-type":"","background-media":"","overlay-type":"","overlay-color":"","overlay-opacity":"","overlay-gradient":""},"tablet":{"background-color":"","background-image":"","background-repeat":"repeat","background-position":"center center","background-size":"auto","background-attachment":"scroll","background-type":"","background-media":"","overlay-type":"","overlay-color":"","overlay-opacity":"","overlay-gradient":""},"mobile":{"background-color":"","background-image":"","background-repeat":"repeat","background-position":"center center","background-size":"auto","background-attachment":"scroll","background-type":"","background-media":"","overlay-type":"","overlay-color":"","overlay-opacity":"","overlay-gradient":""}},"ast-content-background-meta":{"desktop":{"background-color":"var(--ast-global-color-5)","background-image":"","background-repeat":"repeat","background-position":"center center","background-size":"auto","background-attachment":"scroll","background-type":"","background-media":"","overlay-type":"","overlay-color":"","overlay-opacity":"","overlay-gradient":""},"tablet":{"background-color":"var(--ast-global-color-5)","background-image":"","background-repeat":"repeat","background-position":"center center","background-size":"auto","background-attachment":"scroll","background-type":"","background-media":"","overlay-type":"","overlay-color":"","overlay-opacity":"","overlay-gradient":""},"mobile":{"background-color":"var(--ast-global-color-5)","background-image":"","background-repeat":"repeat","background-position":"center center","background-size":"auto","background-attachment":"scroll","background-type":"","background-media":"","overlay-type":"","overlay-color":"","overlay-opacity":"","overlay-gradient":""}},"slim_seo":{"title":"Page contact du peintre ROY G SFEIR","description":"C'est la page de contact du peintre ROY G SFEIR o\u00f9 l'amateur d'art et visiteur du site peuvent \u00e9crire \u00e0 l'artiste qui leur r\u00e9pondra par mail."},"iawp_total_views":14,"footnotes":""},"class_list":["post-1495","page","type-page","status-publish","hentry"],"_links":{"self":[{"href":"https:\/\/roysfeir.fr\/en\/wp-json\/wp\/v2\/pages\/1495","targetHints":{"allow":["GET"]}}],"collection":[{"href":"https:\/\/roysfeir.fr\/en\/wp-json\/wp\/v2\/pages"}],"about":[{"href":"https:\/\/roysfeir.fr\/en\/wp-json\/wp\/v2\/types\/page"}],"author":[{"embeddable":true,"href":"https:\/\/roysfeir.fr\/en\/wp-json\/wp\/v2\/users\/2"}],"replies":[{"embeddable":true,"href":"https:\/\/roysfeir.fr\/en\/wp-json\/wp\/v2\/comments?post=1495"}],"version-history":[{"count":20,"href":"https:\/\/roysfeir.fr\/en\/wp-json\/wp\/v2\/pages\/1495\/revisions"}],"predecessor-version":[{"id":5102,"href":"https:\/\/roysfeir.fr\/en\/wp-json\/wp\/v2\/pages\/1495\/revisions\/5102"}],"wp:attachment":[{"href":"https:\/\/roysfeir.fr\/en\/wp-json\/wp\/v2\/media?parent=1495"}],"curies":[{"name":"wp","href":"https:\/\/api.w.org\/{rel}","templated":true}]}}